{"id":41,"date":"2026-01-09T19:42:34","date_gmt":"2026-01-09T18:42:34","guid":{"rendered":"https:\/\/ensemble-vivons-sussargues.fr\/?page_id=41"},"modified":"2026-03-15T09:01:52","modified_gmt":"2026-03-15T08:01:52","slug":"nos-publications","status":"publish","type":"page","link":"https:\/\/ensemble-vivons-sussargues.fr\/index.php\/nos-publications\/","title":{"rendered":"Nos publications"},"content":{"rendered":"\n<p><a href=\"https:\/\/ensemble-vivons-sussargues.fr\/wp-content\/uploads\/2026\/01\/Tract-declaration-V2OK.pdf\">Lettre d&rsquo;intention &#8211; Octobre 2025<\/a><\/p>\n\n\n\n<p><a href=\"https:\/\/ensemble-vivons-sussargues.fr\/wp-content\/uploads\/2026\/01\/Tract-janvier-VOK.pdf\">Lettre Meilleurs voeux &#8211; Janvier 2026<\/a><\/p>\n\n\n\n<p><a href=\"https:\/\/ensemble-vivons-sussargues.fr\/wp-content\/uploads\/2026\/03\/Presentation-equipe-okBB.pdf\">Pr\u00e9sentation de l&rsquo;\u00e9quipe compl\u00e8te &#8211; Janvier 2026<\/a><\/p>\n\n\n\n<p><a href=\"https:\/\/ensemble-vivons-sussargues.fr\/wp-content\/uploads\/2026\/02\/ZOOM-CAPITELLES-V2-web.pdf\">ZOOM SUR&#8230; La ZAC des Capitelles &#8211; F\u00e9vrier 2026<\/a><\/p>\n\n\n\n<p><a href=\"https:\/\/ensemble-vivons-sussargues.fr\/wp-content\/uploads\/2026\/02\/Lettre-medecin-OK.pdf\">Lettre Un m\u00e9decin \u00e0 Sussargues, une n\u00e9cessit\u00e9 !<\/a><\/p>\n\n\n\n<p><a href=\"https:\/\/ensemble-vivons-sussargues.fr\/wp-content\/uploads\/2026\/03\/PROGRAMME-PAYSAGE-2026.pdf\">NOTRE PROGRAMME<\/a><\/p>\n\n\n\n<figure class=\"wp-block-image size-large\"><img loading=\"lazy\" decoding=\"async\" width=\"1024\" height=\"719\" src=\"https:\/\/ensemble-vivons-sussargues.fr\/wp-content\/uploads\/2026\/03\/5-programme-1024x719.png\" alt=\"\" class=\"wp-image-125\" srcset=\"https:\/\/ensemble-vivons-sussargues.fr\/wp-content\/uploads\/2026\/03\/5-programme-1024x719.png 1024w, https:\/\/ensemble-vivons-sussargues.fr\/wp-content\/uploads\/2026\/03\/5-programme-300x211.png 300w, https:\/\/ensemble-vivons-sussargues.fr\/wp-content\/uploads\/2026\/03\/5-programme-768x539.png 768w, https:\/\/ensemble-vivons-sussargues.fr\/wp-content\/uploads\/2026\/03\/5-programme.png 1100w\" sizes=\"auto, (max-width: 1024px) 100vw, 1024px\" \/><\/figure>\n\n\n\n<figure class=\"wp-block-gallery has-nested-images columns-4 is-cropped wp-block-gallery-1 is-layout-flex wp-block-gallery-is-layout-flex\">\n<figure class=\"wp-block-image size-large\"><img loading=\"lazy\" decoding=\"async\" width=\"545\" height=\"775\" data-id=\"110\" src=\"https:\/\/ensemble-vivons-sussargues.fr\/wp-content\/uploads\/2026\/03\/1-lettre-RP.png\" alt=\"\" class=\"wp-image-110\" srcset=\"https:\/\/ensemble-vivons-sussargues.fr\/wp-content\/uploads\/2026\/03\/1-lettre-RP.png 545w, https:\/\/ensemble-vivons-sussargues.fr\/wp-content\/uploads\/2026\/03\/1-lettre-RP-211x300.png 211w\" sizes=\"auto, (max-width: 545px) 100vw, 545px\" \/><\/figure>\n\n\n\n<figure class=\"wp-block-image size-large\"><img loading=\"lazy\" decoding=\"async\" width=\"545\" height=\"769\" data-id=\"111\" src=\"https:\/\/ensemble-vivons-sussargues.fr\/wp-content\/uploads\/2026\/03\/2-lettre-voeux.png\" alt=\"\" class=\"wp-image-111\" srcset=\"https:\/\/ensemble-vivons-sussargues.fr\/wp-content\/uploads\/2026\/03\/2-lettre-voeux.png 545w, https:\/\/ensemble-vivons-sussargues.fr\/wp-content\/uploads\/2026\/03\/2-lettre-voeux-213x300.png 213w\" sizes=\"auto, (max-width: 545px) 100vw, 545px\" \/><\/figure>\n\n\n\n<figure class=\"wp-block-image size-large\"><img loading=\"lazy\" decoding=\"async\" width=\"548\" height=\"776\" data-id=\"115\" src=\"https:\/\/ensemble-vivons-sussargues.fr\/wp-content\/uploads\/2026\/03\/3-equipe.png\" alt=\"\" class=\"wp-image-115\" srcset=\"https:\/\/ensemble-vivons-sussargues.fr\/wp-content\/uploads\/2026\/03\/3-equipe.png 548w, https:\/\/ensemble-vivons-sussargues.fr\/wp-content\/uploads\/2026\/03\/3-equipe-212x300.png 212w\" sizes=\"auto, (max-width: 548px) 100vw, 548px\" \/><\/figure>\n\n\n\n<figure class=\"wp-block-image size-large\"><img loading=\"lazy\" decoding=\"async\" width=\"546\" height=\"777\" data-id=\"112\" src=\"https:\/\/ensemble-vivons-sussargues.fr\/wp-content\/uploads\/2026\/03\/3-zoom-sur-zac.png\" alt=\"\" class=\"wp-image-112\" srcset=\"https:\/\/ensemble-vivons-sussargues.fr\/wp-content\/uploads\/2026\/03\/3-zoom-sur-zac.png 546w, https:\/\/ensemble-vivons-sussargues.fr\/wp-content\/uploads\/2026\/03\/3-zoom-sur-zac-211x300.png 211w\" sizes=\"auto, (max-width: 546px) 100vw, 546px\" \/><\/figure>\n\n\n\n<figure class=\"wp-block-image size-large\"><img loading=\"lazy\" decoding=\"async\" width=\"544\" height=\"780\" data-id=\"113\" src=\"https:\/\/ensemble-vivons-sussargues.fr\/wp-content\/uploads\/2026\/03\/4-lettre-medecin.png\" alt=\"\" class=\"wp-image-113\" srcset=\"https:\/\/ensemble-vivons-sussargues.fr\/wp-content\/uploads\/2026\/03\/4-lettre-medecin.png 544w, https:\/\/ensemble-vivons-sussargues.fr\/wp-content\/uploads\/2026\/03\/4-lettre-medecin-209x300.png 209w\" sizes=\"auto, (max-width: 544px) 100vw, 544px\" \/><\/figure>\n<\/figure>\n","protected":false},"excerpt":{"rendered":"<p>Lettre d&rsquo;intention &#8211; Octobre 2025 Lettre Meilleurs voeux &#8211; Janvier 2026 Pr\u00e9sentation de l&rsquo;\u00e9quipe compl\u00e8te &#8211; Janvier 2026 ZOOM SUR&#8230; La ZAC des Capitelles &#8211; F\u00e9vrier 2026 Lettre Un m\u00e9decin \u00e0 Sussargues, une n\u00e9cessit\u00e9 ! NOTRE PROGRAMME<\/p>\n","protected":false},"author":2,"featured_media":0,"parent":0,"menu_order":0,"comment_status":"closed","ping_status":"closed","template":"","meta":{"_themeisle_gutenberg_block_has_review":false,"footnotes":""},"class_list":["post-41","page","type-page","status-publish","hentry"],"_links":{"self":[{"href":"https:\/\/ensemble-vivons-sussargues.fr\/index.php\/wp-json\/wp\/v2\/pages\/41","targetHints":{"allow":["GET"]}}],"collection":[{"href":"https:\/\/ensemble-vivons-sussargues.fr\/index.php\/wp-json\/wp\/v2\/pages"}],"about":[{"href":"https:\/\/ensemble-vivons-sussargues.fr\/index.php\/wp-json\/wp\/v2\/types\/page"}],"author":[{"embeddable":true,"href":"https:\/\/ensemble-vivons-sussargues.fr\/index.php\/wp-json\/wp\/v2\/users\/2"}],"replies":[{"embeddable":true,"href":"https:\/\/ensemble-vivons-sussargues.fr\/index.php\/wp-json\/wp\/v2\/comments?post=41"}],"version-history":[{"count":11,"href":"https:\/\/ensemble-vivons-sussargues.fr\/index.php\/wp-json\/wp\/v2\/pages\/41\/revisions"}],"predecessor-version":[{"id":133,"href":"https:\/\/ensemble-vivons-sussargues.fr\/index.php\/wp-json\/wp\/v2\/pages\/41\/revisions\/133"}],"wp:attachment":[{"href":"https:\/\/ensemble-vivons-sussargues.fr\/index.php\/wp-json\/wp\/v2\/media?parent=41"}],"curies":[{"name":"wp","href":"https:\/\/api.w.org\/{rel}","templated":true}]}}