{"id":55,"date":"2026-01-19T21:07:50","date_gmt":"2026-01-19T20:07:50","guid":{"rendered":"https:\/\/ensemble-vivons-sussargues.fr\/?page_id=55"},"modified":"2026-03-15T08:59:32","modified_gmt":"2026-03-15T07:59:32","slug":"notre-programme","status":"publish","type":"page","link":"https:\/\/ensemble-vivons-sussargues.fr\/index.php\/notre-programme\/","title":{"rendered":"Notre programme"},"content":{"rendered":"\n<p>Voici <strong>programme d&rsquo;Ensemble Vivons Sussargues <\/strong>: <br>cadre de vie, circulation, am\u00e9nagement raisonn\u00e9, \u00e9conomie, \u00e9ducation, jeunesse, solidarit\u00e9, environnement, culture, animations, finances\u2026 <br><mark style=\"background-color:rgba(0, 0, 0, 0)\" class=\"has-inline-color has-medium-orange-color\"><strong>Un projet global<\/strong><\/mark>,<strong>avec la concertation citoyenne comme fil rouge<\/strong>. <br>Un programme qui s\u2019inscrit <strong>dans la continuit\u00e9 du travail men\u00e9 <\/strong>tout en ouvrant la voie \u00e0 de <strong>nouvelles actions<\/strong>, <strong><mark style=\"background-color:rgba(0, 0, 0, 0)\" class=\"has-inline-color has-medium-orange-color\">avec une ambition claire : servir l\u2019int\u00e9r\u00eat g\u00e9n\u00e9ral.<\/mark><\/strong><\/p>\n\n\n\n<h2 class=\"wp-block-heading\"><a href=\"https:\/\/ensemble-vivons-sussargues.fr\/wp-content\/uploads\/2026\/03\/PROGRAMME-PAYSAGE-2026.pdf\">TELECHARGEZ ICI NOTRE PROGRAMME<\/a><\/h2>\n\n\n\n<figure class=\"wp-block-image size-full is-resized\"><img loading=\"lazy\" decoding=\"async\" width=\"512\" height=\"512\" src=\"https:\/\/ensemble-vivons-sussargues.fr\/wp-content\/uploads\/2026\/01\/cropped-Logo-EVB-BleuOrange20-1.jpg\" alt=\"\" class=\"wp-image-26\" style=\"width:151px;height:auto\" srcset=\"https:\/\/ensemble-vivons-sussargues.fr\/wp-content\/uploads\/2026\/01\/cropped-Logo-EVB-BleuOrange20-1.jpg 512w, https:\/\/ensemble-vivons-sussargues.fr\/wp-content\/uploads\/2026\/01\/cropped-Logo-EVB-BleuOrange20-1-300x300.jpg 300w, https:\/\/ensemble-vivons-sussargues.fr\/wp-content\/uploads\/2026\/01\/cropped-Logo-EVB-BleuOrange20-1-150x150.jpg 150w, https:\/\/ensemble-vivons-sussargues.fr\/wp-content\/uploads\/2026\/01\/cropped-Logo-EVB-BleuOrange20-1-270x270.jpg 270w, https:\/\/ensemble-vivons-sussargues.fr\/wp-content\/uploads\/2026\/01\/cropped-Logo-EVB-BleuOrange20-1-192x192.jpg 192w, https:\/\/ensemble-vivons-sussargues.fr\/wp-content\/uploads\/2026\/01\/cropped-Logo-EVB-BleuOrange20-1-180x180.jpg 180w, https:\/\/ensemble-vivons-sussargues.fr\/wp-content\/uploads\/2026\/01\/cropped-Logo-EVB-BleuOrange20-1-32x32.jpg 32w\" sizes=\"auto, (max-width: 512px) 100vw, 512px\" \/><\/figure>\n\n\n\n<figure class=\"wp-block-image size-large\"><img loading=\"lazy\" decoding=\"async\" width=\"1024\" height=\"719\" src=\"https:\/\/ensemble-vivons-sussargues.fr\/wp-content\/uploads\/2026\/03\/5-programme-1024x719.png\" alt=\"\" class=\"wp-image-125\" srcset=\"https:\/\/ensemble-vivons-sussargues.fr\/wp-content\/uploads\/2026\/03\/5-programme-1024x719.png 1024w, https:\/\/ensemble-vivons-sussargues.fr\/wp-content\/uploads\/2026\/03\/5-programme-300x211.png 300w, https:\/\/ensemble-vivons-sussargues.fr\/wp-content\/uploads\/2026\/03\/5-programme-768x539.png 768w, https:\/\/ensemble-vivons-sussargues.fr\/wp-content\/uploads\/2026\/03\/5-programme.png 1100w\" sizes=\"auto, (max-width: 1024px) 100vw, 1024px\" \/><\/figure>\n\n\n\n<figure class=\"wp-block-image size-large\"><img loading=\"lazy\" decoding=\"async\" width=\"1024\" height=\"719\" src=\"https:\/\/ensemble-vivons-sussargues.fr\/wp-content\/uploads\/2026\/03\/pgm1-1-1024x719.png\" alt=\"\" class=\"wp-image-127\" srcset=\"https:\/\/ensemble-vivons-sussargues.fr\/wp-content\/uploads\/2026\/03\/pgm1-1-1024x719.png 1024w, https:\/\/ensemble-vivons-sussargues.fr\/wp-content\/uploads\/2026\/03\/pgm1-1-300x211.png 300w, https:\/\/ensemble-vivons-sussargues.fr\/wp-content\/uploads\/2026\/03\/pgm1-1-768x539.png 768w, https:\/\/ensemble-vivons-sussargues.fr\/wp-content\/uploads\/2026\/03\/pgm1-1.png 1074w\" sizes=\"auto, (max-width: 1024px) 100vw, 1024px\" \/><\/figure>\n\n\n\n<figure class=\"wp-block-image size-large\"><img loading=\"lazy\" decoding=\"async\" width=\"1024\" height=\"720\" src=\"https:\/\/ensemble-vivons-sussargues.fr\/wp-content\/uploads\/2026\/03\/pgm2-1024x720.png\" alt=\"\" class=\"wp-image-128\" srcset=\"https:\/\/ensemble-vivons-sussargues.fr\/wp-content\/uploads\/2026\/03\/pgm2-1024x720.png 1024w, https:\/\/ensemble-vivons-sussargues.fr\/wp-content\/uploads\/2026\/03\/pgm2-300x211.png 300w, https:\/\/ensemble-vivons-sussargues.fr\/wp-content\/uploads\/2026\/03\/pgm2-768x540.png 768w, https:\/\/ensemble-vivons-sussargues.fr\/wp-content\/uploads\/2026\/03\/pgm2.png 1084w\" sizes=\"auto, (max-width: 1024px) 100vw, 1024px\" \/><\/figure>\n\n\n\n<figure class=\"wp-block-image size-full is-resized\"><img loading=\"lazy\" decoding=\"async\" width=\"555\" height=\"356\" src=\"https:\/\/ensemble-vivons-sussargues.fr\/wp-content\/uploads\/2026\/03\/pgm3.png\" alt=\"\" class=\"wp-image-129\" style=\"width:334px;height:auto\" srcset=\"https:\/\/ensemble-vivons-sussargues.fr\/wp-content\/uploads\/2026\/03\/pgm3.png 555w, https:\/\/ensemble-vivons-sussargues.fr\/wp-content\/uploads\/2026\/03\/pgm3-300x192.png 300w\" sizes=\"auto, (max-width: 555px) 100vw, 555px\" \/><\/figure>\n","protected":false},"excerpt":{"rendered":"<p>Voici programme d&rsquo;Ensemble Vivons Sussargues : cadre de vie, circulation, am\u00e9nagement raisonn\u00e9, \u00e9conomie, \u00e9ducation, jeunesse, solidarit\u00e9, environnement, culture, animations, finances\u2026 Un projet global,avec la concertation citoyenne comme fil rouge. Un programme qui s\u2019inscrit dans la continuit\u00e9 du travail men\u00e9 tout en ouvrant la voie \u00e0 de nouvelles actions, avec une ambition claire : servir l\u2019int\u00e9r\u00eat &hellip; <a href=\"https:\/\/ensemble-vivons-sussargues.fr\/index.php\/notre-programme\/\" class=\"more-link\">Continuer la lecture de <span class=\"screen-reader-text\">Notre programme<\/span> <span class=\"meta-nav\">&rarr;<\/span><\/a><\/p>\n","protected":false},"author":1,"featured_media":0,"parent":0,"menu_order":0,"comment_status":"closed","ping_status":"closed","template":"","meta":{"_themeisle_gutenberg_block_has_review":false,"footnotes":""},"class_list":["post-55","page","type-page","status-publish","hentry"],"_links":{"self":[{"href":"https:\/\/ensemble-vivons-sussargues.fr\/index.php\/wp-json\/wp\/v2\/pages\/55","targetHints":{"allow":["GET"]}}],"collection":[{"href":"https:\/\/ensemble-vivons-sussargues.fr\/index.php\/wp-json\/wp\/v2\/pages"}],"about":[{"href":"https:\/\/ensemble-vivons-sussargues.fr\/index.php\/wp-json\/wp\/v2\/types\/page"}],"author":[{"embeddable":true,"href":"https:\/\/ensemble-vivons-sussargues.fr\/index.php\/wp-json\/wp\/v2\/users\/1"}],"replies":[{"embeddable":true,"href":"https:\/\/ensemble-vivons-sussargues.fr\/index.php\/wp-json\/wp\/v2\/comments?post=55"}],"version-history":[{"count":7,"href":"https:\/\/ensemble-vivons-sussargues.fr\/index.php\/wp-json\/wp\/v2\/pages\/55\/revisions"}],"predecessor-version":[{"id":131,"href":"https:\/\/ensemble-vivons-sussargues.fr\/index.php\/wp-json\/wp\/v2\/pages\/55\/revisions\/131"}],"wp:attachment":[{"href":"https:\/\/ensemble-vivons-sussargues.fr\/index.php\/wp-json\/wp\/v2\/media?parent=55"}],"curies":[{"name":"wp","href":"https:\/\/api.w.org\/{rel}","templated":true}]}}